{"id":81190,"date":"2020-12-29T14:27:16","date_gmt":"2020-12-29T11:27:16","guid":{"rendered":"https:\/\/mahadsunnah.com\/login-successful\/"},"modified":"2020-12-29T14:27:16","modified_gmt":"2020-12-29T11:27:16","slug":"login-successful","status":"publish","type":"page","link":"https:\/\/mahadsunnah.com\/fa\/login-successful\/","title":{"rendered":"Login Successful"},"content":{"rendered":"\t\t<div data-elementor-type=\"wp-page\" data-elementor-id=\"81190\" class=\"elementor elementor-81190 elementor-37574\" data-elementor-post-type=\"page\">\n\t\t\t\t\t\t<section class=\"elementor-section elementor-top-section elementor-element elementor-element-fc9824a elementor-section-boxed elementor-section-height-default elementor-section-height-default\" data-id=\"fc9824a\" data-element_type=\"section\" data-e-type=\"section\">\n\t\t\t\t\t\t<div class=\"elementor-container elementor-column-gap-default\">\n\t\t\t\t\t<div class=\"elementor-column elementor-col-100 elementor-top-column elementor-element elementor-element-b5a6b62\" data-id=\"b5a6b62\" data-element_type=\"column\" data-e-type=\"column\">\n\t\t\t<div class=\"elementor-widget-wrap elementor-element-populated\">\n\t\t\t\t\t\t<div class=\"elementor-element elementor-element-2785aed elementor-widget elementor-widget-heading\" data-id=\"2785aed\" data-element_type=\"widget\" data-e-type=\"widget\" data-widget_type=\"heading.default\">\n\t\t\t\t<div class=\"elementor-widget-container\">\n\t\t\t\t\t<h1 class=\"elementor-heading-title elementor-size-default\">Login successful. <\/h1>\t\t\t\t<\/div>\n\t\t\t\t<\/div>\n\t\t\t\t<div class=\"elementor-element elementor-element-be9369b elementor-widget elementor-widget-text-editor\" data-id=\"be9369b\" data-element_type=\"widget\" data-e-type=\"widget\" data-widget_type=\"text-editor.default\">\n\t\t\t\t<div class=\"elementor-widget-container\">\n\t\t\t\t\t\t\t\t\t<h2 style=\"text-align: center;\"><a href=\"https:\/\/mahadsunnah.com\/my-account\/\">Click here to go to your account page in English.\u200b<\/a><\/h2>\t\t\t\t\t\t\t\t<\/div>\n\t\t\t\t<\/div>\n\t\t\t\t<section class=\"elementor-section elementor-inner-section elementor-element elementor-element-8104b03 elementor-section-boxed elementor-section-height-default elementor-section-height-default\" data-id=\"8104b03\" data-element_type=\"section\" data-e-type=\"section\">\n\t\t\t\t\t\t<div class=\"elementor-container elementor-column-gap-default\">\n\t\t\t\t\t<div class=\"elementor-column elementor-col-100 elementor-inner-column elementor-element elementor-element-ed24dad\" data-id=\"ed24dad\" data-element_type=\"column\" data-e-type=\"column\">\n\t\t\t<div class=\"elementor-widget-wrap elementor-element-populated\">\n\t\t\t\t\t\t<div class=\"elementor-element elementor-element-afa642b elementor-widget elementor-widget-text-editor\" data-id=\"afa642b\" data-element_type=\"widget\" data-e-type=\"widget\" data-widget_type=\"text-editor.default\">\n\t\t\t\t<div class=\"elementor-widget-container\">\n\t\t\t\t\t\t\t\t\t<h1 style=\"text-align: center;\"><span style=\"color: #3366ff;\">\u00a0\u062a\u0645 \u0627\u0644\u062a\u0633\u062c\u064a\u0644 \u0627\u0644\u062f\u062e\u0648\u0644 \u0628\u0646\u062c\u0627\u062d\u00a0<\/span><\/h1><h2 style=\"text-align: center;\"><a href=\"https:\/\/mahadsunnah.com\/ar\/my-account\">\u0627\u0646\u0642\u0631 \u0647\u0646\u0627 \u0644\u0644\u0630\u0647\u0627\u0628 \u0625\u0644\u0649 \u0635\u0641\u062d\u0629 \u062d\u0633\u0627\u0628\u0643 \u0628\u0627\u0644\u0639\u0631\u0628\u064a\u0629<\/a><\/h2>\t\t\t\t\t\t\t\t<\/div>\n\t\t\t\t<\/div>\n\t\t\t\t\t<\/div>\n\t\t<\/div>\n\t\t\t\t\t<\/div>\n\t\t<\/section>\n\t\t\t\t<div class=\"elementor-element elementor-element-e1b0719 elementor-widget elementor-widget-text-editor\" data-id=\"e1b0719\" data-element_type=\"widget\" data-e-type=\"widget\" data-widget_type=\"text-editor.default\">\n\t\t\t\t<div class=\"elementor-widget-container\">\n\t\t\t\t\t\t\t\t\t<h1 style=\"text-align: center;\">\u0410\u0432\u0442\u043e\u0440\u0438\u0437\u0430\u0446\u0438\u044f \u0443\u0441\u043f\u0435\u0448\u043d\u0430<\/h1><h2 style=\"text-align: center;\"><a href=\"https:\/\/mahadsunnah.com\/ru\/my-account\">\u041d\u0430\u0436\u043c\u0438\u0442\u0435 \u0437\u0434\u0435\u0441\u044c, \u0447\u0442\u043e\u0431\u044b \u043f\u0435\u0440\u0435\u0439\u0442\u0438 \u043d\u0430 \u0441\u0442\u0440\u0430\u043d\u0438\u0446\u0443 \u0432\u0430\u0448\u0435\u0433\u043e \u0430\u043a\u043a\u0430\u0443\u043d\u0442\u0430 \u043d\u0430 \u0440\u0443\u0441\u0441\u043a\u043e\u043c<\/a> <a href=\"https:\/\/mahadsunnah.com\/ru\/my-account\">\u044f\u0437\u044b\u043a\u0435.<\/a><\/h2>\t\t\t\t\t\t\t\t<\/div>\n\t\t\t\t<\/div>\n\t\t\t\t<div class=\"elementor-element elementor-element-4322ef7 elementor-widget elementor-widget-text-editor\" data-id=\"4322ef7\" data-element_type=\"widget\" data-e-type=\"widget\" data-widget_type=\"text-editor.default\">\n\t\t\t\t<div class=\"elementor-widget-container\">\n\t\t\t\t\t\t\t\t\t<h1 style=\"text-align: center;\">connexion r\u00e9ussie<\/h1><h2 style=\"text-align: center;\"><a href=\"https:\/\/mahadsunnah.com\/fr\/my-account\">Cliquez ici pour acc\u00e9der \u00e0 la page de votre compte en fran\u00e7ais.<\/a><\/h2>\t\t\t\t\t\t\t\t<\/div>\n\t\t\t\t<\/div>\n\t\t\t\t\t<\/div>\n\t\t<\/div>\n\t\t\t\t\t<\/div>\n\t\t<\/section>\n\t\t\t\t<section class=\"elementor-section elementor-top-section elementor-element elementor-element-600479a elementor-section-boxed elementor-section-height-default elementor-section-height-default\" data-id=\"600479a\" data-element_type=\"section\" data-e-type=\"section\">\n\t\t\t\t\t\t<div class=\"elementor-container elementor-column-gap-default\">\n\t\t\t\t\t<div class=\"elementor-column elementor-col-100 elementor-top-column elementor-element elementor-element-7338c70\" data-id=\"7338c70\" data-element_type=\"column\" data-e-type=\"column\">\n\t\t\t<div class=\"elementor-widget-wrap elementor-element-populated\">\n\t\t\t\t\t\t<div class=\"elementor-element elementor-element-68ba231 elementor-widget elementor-widget-shortcode\" data-id=\"68ba231\" data-element_type=\"widget\" data-e-type=\"widget\" data-widget_type=\"shortcode.default\">\n\t\t\t\t<div class=\"elementor-widget-container\">\n\t\t\t\t\t\t\t<div class=\"elementor-shortcode\"><p>You are being redirected shortly.. Please wait. If your are not redirected, Goto your desired courses page -> <span id=\"redirect-lang\"><\/span><\/p>\r\n<!-- Place this script in the head section of your HTML or before the closing body tag -->\r\n<script>\r\n  \/\/ Function to get the value of a specific cookie\r\n  function getCookie(name) {\r\n    const value = \"; \" + document.cookie;\r\n    const parts = value.split(\"; \" + name + \"=\");\r\n    if (parts.length === 2) return parts.pop().split(\";\").shift();\r\n  }\r\n\r\n  \/\/ Function to check if the URL already contains the correct language code\r\n  function isOnLanguagePage(language) {\r\n    const currentUrl = window.location.href;\r\n    const languagePageUrl = `https:\/\/mahadsunnah.com\/${language}\/all-courses\/`;\r\n    return currentUrl === languagePageUrl;\r\n  }\r\n\r\n\tfunction get_lang() {\r\n\tconst languageCookie = getCookie(\"wp-wpml_current_language\");\r\n     return languageCookie || defaultLanguage;\r\n\t}\r\n  \/\/ Function to redirect based on the language cookie\r\n  function redirectToLanguagePage() {\r\n    const defaultLanguage = \"en\"; \/\/ Replace \"en\" with your default language code\r\n    const language  = get_lang()\r\n\r\n    if (!isOnLanguagePage(language)) {\r\n      const baseUrl = \"https:\/\/mahadsunnah.com\/\";\r\n      if (language === defaultLanguage) {\r\n        window.location.href = baseUrl + \"all-courses\/\";\r\n      } else {\r\n        window.location.href = baseUrl + language + \"\/all-courses\/\";\r\n      }\r\n    }\r\n  }\r\ndocument.getElementById('redirect-lang').innerHTML = `<a href='https:\/\/mahadsunnah.com\/${get_lang()}\/all-courses\/'>Click here to go to your desired language page<\/a>`;\r\n  \/\/ Call the redirect function when the page loads\r\n  \/\/ redirectToLanguagePage();\r\n<\/script>\r\n<\/div>\n\t\t\t\t\t\t<\/div>\n\t\t\t\t<\/div>\n\t\t\t\t\t<\/div>\n\t\t<\/div>\n\t\t\t\t\t<\/div>\n\t\t<\/section>\n\t\t\t\t<\/div>\n\t\t","protected":false},"excerpt":{"rendered":"<p>Login successful. Click here to go to your account page in English.\u200b \u00a0\u062a\u0645 \u0627\u0644\u062a\u0633\u062c\u064a\u0644 \u0627\u0644\u062f\u062e\u0648\u0644 \u0628\u0646\u062c\u0627\u062d\u00a0 \u0627\u0646\u0642\u0631 \u0647\u0646\u0627 \u0644\u0644\u0630\u0647\u0627\u0628 \u0625\u0644\u0649 \u0635\u0641\u062d\u0629 \u062d\u0633\u0627\u0628\u0643 \u0628\u0627\u0644\u0639\u0631\u0628\u064a\u0629 \u0410\u0432\u0442\u043e\u0440\u0438\u0437\u0430\u0446\u0438\u044f \u0443\u0441\u043f\u0435\u0448\u043d\u0430 \u041d\u0430\u0436\u043c\u0438\u0442\u0435 \u0437\u0434\u0435\u0441\u044c, \u0447\u0442\u043e\u0431\u044b \u043f\u0435\u0440\u0435\u0439\u0442\u0438 \u043d\u0430 \u0441\u0442\u0440\u0430\u043d\u0438\u0446\u0443 \u0432\u0430\u0448\u0435\u0433\u043e \u0430\u043a\u043a\u0430\u0443\u043d\u0442\u0430 \u043d\u0430 \u0440\u0443\u0441\u0441\u043a\u043e\u043c \u044f\u0437\u044b\u043a\u0435. connexion r\u00e9ussie Cliquez ici pour acc\u00e9der \u00e0 la page de votre compte en fran\u00e7ais.<\/p>\n","protected":false},"author":1,"featured_media":153742,"parent":0,"menu_order":0,"comment_status":"closed","ping_status":"closed","template":"","meta":{"give_campaign_id":0,"_analytify_skip_tracking":false,"site-sidebar-layout":"no-sidebar","site-content-layout":"page-builder","ast-site-content-layout":"default","site-content-style":"default","site-sidebar-style":"default","ast-global-header-display":"","ast-banner-title-visibility":"","ast-main-header-display":"","ast-hfb-above-header-display":"","ast-hfb-below-header-display":"","ast-hfb-mobile-header-display":"","site-post-title":"disabled","ast-breadcrumbs-content":"","ast-featured-img":"disabled","footer-sml-layout":"","theme-transparent-header-meta":"default","adv-header-id-meta":"","stick-header-meta":"","header-above-stick-meta":"","header-main-stick-meta":"","header-below-stick-meta":"","astra-migrate-meta-layouts":"default","ast-page-background-enabled":"default","ast-page-background-meta":{"desktop":{"background-color":"","background-image":"","background-repeat":"repeat","background-position":"center center","background-size":"auto","background-attachment":"scroll","background-type":"","background-media":"","overlay-type":"","overlay-color":"","overlay-opacity":"","overlay-gradient":""},"tablet":{"background-color":"","background-image":"","background-repeat":"repeat","background-position":"center center","background-size":"auto","background-attachment":"scroll","background-type":"","background-media":"","overlay-type":"","overlay-color":"","overlay-opacity":"","overlay-gradient":""},"mobile":{"background-color":"","background-image":"","background-repeat":"repeat","background-position":"center center","background-size":"auto","background-attachment":"scroll","background-type":"","background-media":"","overlay-type":"","overlay-color":"","overlay-opacity":"","overlay-gradient":""}},"ast-content-background-meta":{"desktop":{"background-color":"var(--ast-global-color-5)","background-image":"","background-repeat":"repeat","background-position":"center center","background-size":"auto","background-attachment":"scroll","background-type":"","background-media":"","overlay-type":"","overlay-color":"","overlay-opacity":"","overlay-gradient":""},"tablet":{"background-color":"var(--ast-global-color-5)","background-image":"","background-repeat":"repeat","background-position":"center center","background-size":"auto","background-attachment":"scroll","background-type":"","background-media":"","overlay-type":"","overlay-color":"","overlay-opacity":"","overlay-gradient":""},"mobile":{"background-color":"var(--ast-global-color-5)","background-image":"","background-repeat":"repeat","background-position":"center center","background-size":"auto","background-attachment":"scroll","background-type":"","background-media":"","overlay-type":"","overlay-color":"","overlay-opacity":"","overlay-gradient":""}},"footnotes":""},"class_list":["post-81190","page","type-page","status-publish","has-post-thumbnail","hentry"],"campaignId":"","_links":{"self":[{"href":"https:\/\/mahadsunnah.com\/fa\/wp-json\/wp\/v2\/pages\/81190","targetHints":{"allow":["GET"]}}],"collection":[{"href":"https:\/\/mahadsunnah.com\/fa\/wp-json\/wp\/v2\/pages"}],"about":[{"href":"https:\/\/mahadsunnah.com\/fa\/wp-json\/wp\/v2\/types\/page"}],"author":[{"embeddable":true,"href":"https:\/\/mahadsunnah.com\/fa\/wp-json\/wp\/v2\/users\/1"}],"replies":[{"embeddable":true,"href":"https:\/\/mahadsunnah.com\/fa\/wp-json\/wp\/v2\/comments?post=81190"}],"version-history":[{"count":0,"href":"https:\/\/mahadsunnah.com\/fa\/wp-json\/wp\/v2\/pages\/81190\/revisions"}],"wp:featuredmedia":[{"embeddable":true,"href":"https:\/\/mahadsunnah.com\/fa\/wp-json\/wp\/v2\/media\/153742"}],"wp:attachment":[{"href":"https:\/\/mahadsunnah.com\/fa\/wp-json\/wp\/v2\/media?parent=81190"}],"curies":[{"name":"wp","href":"https:\/\/api.w.org\/{rel}","templated":true}]}}