{"id":61381,"date":"2018-12-07T12:51:06","date_gmt":"2018-12-07T09:51:06","guid":{"rendered":"https:\/\/mahadsunnah.com\/all-courses\/"},"modified":"2022-06-12T08:43:50","modified_gmt":"2022-06-12T05:43:50","slug":"all-courses","status":"publish","type":"page","link":"https:\/\/mahadsunnah.com\/fr\/all-courses\/","title":{"rendered":"Tous les cours"},"content":{"rendered":"\t\t<div data-elementor-type=\"wp-post\" data-elementor-id=\"61381\" class=\"elementor elementor-61381 elementor-201\" data-elementor-post-type=\"page\">\n\t\t\t\t\t\t<section class=\"elementor-section elementor-top-section elementor-element elementor-element-65ddfad3 elementor-section-boxed elementor-section-height-default elementor-section-height-default\" data-id=\"65ddfad3\" data-element_type=\"section\" data-e-type=\"section\" data-settings=\"{&quot;background_background&quot;:&quot;classic&quot;}\">\n\t\t\t\t\t\t\t<div class=\"elementor-background-overlay\"><\/div>\n\t\t\t\t\t\t\t<div class=\"elementor-container elementor-column-gap-default\">\n\t\t\t\t\t<div class=\"elementor-column elementor-col-100 elementor-top-column elementor-element elementor-element-c947ffe\" data-id=\"c947ffe\" data-element_type=\"column\" data-e-type=\"column\">\n\t\t\t<div class=\"elementor-widget-wrap elementor-element-populated\">\n\t\t\t\t\t\t<div class=\"elementor-element elementor-element-35eed52 elementor-widget elementor-widget-image-box\" data-id=\"35eed52\" data-element_type=\"widget\" data-e-type=\"widget\" data-widget_type=\"image-box.default\">\n\t\t\t\t<div class=\"elementor-widget-container\">\n\t\t\t\t\t<div class=\"elementor-image-box-wrapper\"><div class=\"elementor-image-box-content\"><h1 class=\"elementor-image-box-title\">Tous les cours<\/h1><p class=\"elementor-image-box-description\">Cours sur divers sujets islamiques tels que Wudu (Ablution), Salah (la pri\u00e8re), Zakat, Aqeedah (la croyance) et plus ...<\/p><\/div><\/div>\t\t\t\t<\/div>\n\t\t\t\t<\/div>\n\t\t\t\t\t<\/div>\n\t\t<\/div>\n\t\t\t\t\t<\/div>\n\t\t<\/section>\n\t\t\t\t<section class=\"elementor-section elementor-top-section elementor-element elementor-element-422ee72c elementor-section-boxed elementor-section-height-default elementor-section-height-default\" data-id=\"422ee72c\" data-element_type=\"section\" data-e-type=\"section\" data-settings=\"{&quot;background_background&quot;:&quot;classic&quot;}\">\n\t\t\t\t\t\t<div class=\"elementor-container elementor-column-gap-default\">\n\t\t\t\t\t<div class=\"elementor-column elementor-col-100 elementor-top-column elementor-element elementor-element-46b1ba77\" data-id=\"46b1ba77\" data-element_type=\"column\" data-e-type=\"column\">\n\t\t\t<div class=\"elementor-widget-wrap elementor-element-populated\">\n\t\t\t\t\t\t<div class=\"elementor-element elementor-element-029aeac elementor-widget elementor-widget-shortcode\" data-id=\"029aeac\" data-element_type=\"widget\" data-e-type=\"widget\" data-widget_type=\"shortcode.default\">\n\t\t\t\t<div class=\"elementor-widget-container\">\n\t\t\t\t\t\t\t<div class=\"elementor-shortcode\"><div id=\"ld-course-list-content-be1294f62cd27b5c053a68fb3eb23a3e\" class=\"ld-course-list-content\" data-shortcode-atts=\"{&quot;categoryselector&quot;:&quot;true&quot;,&quot;progress_bar&quot;:&quot;true&quot;,&quot;order&quot;:&quot;asc&quot;,&quot;num&quot;:&quot;15&quot;,&quot;col&quot;:&quot;3&quot;}\">\n\t\t\t<div class=\"ld-course-list-items row\">\n\t<!-- LearnDash Course Grid v1 --><div class=\"ld_course_grid col-sm-8 col-md-4 \">\n\t<article id=\"post-32467\" class=\" thumbnail course post-32467 sfwd-courses type-sfwd-courses status-publish has-post-thumbnail hentry tag-le-resume-de-la-biographie-du-prophete- ld_course_category-free-fr ld_course_tag-le-resume-de-la-biographie-du-prophete-\">\n\t\t\t\t\t\t\t\t<div class=\"ribbon free\">\n\t\t\t\tGratuit\t\t\t<\/div>\n\t\t\t\n\t\t\t\t\t\t<a\n\t\t\t\taria-hidden=\"true\"\n\t\t\t\thref=\"https:\/\/mahadsunnah.com\/fr\/courses\/le-resume-de-la-biographie-du-prophete-%ef%b7%ba\/\"\n\t\t\t\ttabindex=\"-1\"\n\t\t\t>\n\t\t\t\t<img fetchpriority=\"high\" decoding=\"async\" width=\"300\" height=\"300\" src=\"https:\/\/mahadsunnah.com\/wp-content\/uploads\/2022\/03\/russianmuhammad-copy-300x300.jpg\" class=\"attachment-medium size-medium wp-post-image\" alt=\"Le r\u00e9sum\u00e9 de la biographie du Proph\u00e8te \ufdfa\" srcset=\"https:\/\/mahadsunnah.com\/wp-content\/uploads\/2022\/03\/russianmuhammad-copy-300x300.jpg 300w, https:\/\/mahadsunnah.com\/wp-content\/uploads\/2022\/03\/russianmuhammad-copy-150x150.jpg 150w, https:\/\/mahadsunnah.com\/wp-content\/uploads\/2022\/03\/russianmuhammad-copy-768x768.jpg 768w, https:\/\/mahadsunnah.com\/wp-content\/uploads\/2022\/03\/russianmuhammad-copy.jpg 1000w\" sizes=\"(max-width: 300px) 100vw, 300px\" \/>\t\t\t<\/a>\n\t\t\t\t\t\n\t\t\t\t\t<div class=\"caption\">\n\t\t\t\t<h3 class=\"entry-title\">Le r\u00e9sum\u00e9 de la biographie du Proph\u00e8te \ufdfa<\/h3>\n\t\t\t\t\t\t\t\t<div class=\"ld_course_grid_button\">\n\t\t\t\t\t<a\n\t\t\t\t\t\taria-label=\"Continue Study: Le r\u00e9sum\u00e9 de la biographie du Proph\u00e8te \ufdfa\"\n\t\t\t\t\t\tclass=\"btn btn-primary\"\n\t\t\t\t\t\thref=\"https:\/\/mahadsunnah.com\/fr\/courses\/le-resume-de-la-biographie-du-prophete-%ef%b7%ba\/\"\n\t\t\t\t\t>\n\t\t\t\t\t\tContinue Study\t\t\t\t\t<\/a>\n\t\t\t\t<\/div>\n\t\t\t\t\t\t\t\t\t\t\t\t\t\t\t\t\t\t\t\t\t\t\t\t\t\t\t<\/div><!-- .entry-header -->\n\t\t\t<\/article><!-- #post-## -->\n<\/div><!-- .ld_course_grid -->\n<!-- LearnDash Course Grid v1 --><div class=\"ld_course_grid col-sm-8 col-md-4 \">\n\t<article id=\"post-33118\" class=\" thumbnail course post-33118 sfwd-courses type-sfwd-courses status-publish has-post-thumbnail hentry tag-lexplication-des-trois-questions-de-la-tombe ld_course_category-free-fr ld_course_tag-lexplication-des-trois-questions-de-la-tombe\">\n\t\t\t\t\t\t\t\t<div class=\"ribbon\">\n\t\t\t\tGratuit\t\t\t<\/div>\n\t\t\t\n\t\t\t\t\t\t<a\n\t\t\t\taria-hidden=\"true\"\n\t\t\t\thref=\"https:\/\/mahadsunnah.com\/fr\/courses\/lexplication-des-trois-questions-de-la-tombe\/\"\n\t\t\t\ttabindex=\"-1\"\n\t\t\t>\n\t\t\t\t<img decoding=\"async\" width=\"300\" height=\"300\" src=\"https:\/\/mahadsunnah.com\/wp-content\/uploads\/2022\/03\/gravefrench-300x300.jpg\" class=\"attachment-medium size-medium wp-post-image\" alt=\"L&rsquo;explication des trois questions de la tombe\" srcset=\"https:\/\/mahadsunnah.com\/wp-content\/uploads\/2022\/03\/gravefrench-300x300.jpg 300w, https:\/\/mahadsunnah.com\/wp-content\/uploads\/2022\/03\/gravefrench-150x150.jpg 150w, https:\/\/mahadsunnah.com\/wp-content\/uploads\/2022\/03\/gravefrench-768x768.jpg 768w, https:\/\/mahadsunnah.com\/wp-content\/uploads\/2022\/03\/gravefrench.jpg 1000w\" sizes=\"(max-width: 300px) 100vw, 300px\" \/>\t\t\t<\/a>\n\t\t\t\t\t\n\t\t\t\t\t<div class=\"caption\">\n\t\t\t\t<h3 class=\"entry-title\">L&rsquo;explication des trois questions de la tombe<\/h3>\n\t\t\t\t\t\t\t\t<div class=\"ld_course_grid_button\">\n\t\t\t\t\t<a\n\t\t\t\t\t\taria-label=\"Enroll Now: L&rsquo;explication des trois questions de la tombe\"\n\t\t\t\t\t\tclass=\"btn btn-primary\"\n\t\t\t\t\t\thref=\"https:\/\/mahadsunnah.com\/fr\/courses\/lexplication-des-trois-questions-de-la-tombe\/\"\n\t\t\t\t\t>\n\t\t\t\t\t\tEnroll Now\t\t\t\t\t<\/a>\n\t\t\t\t<\/div>\n\t\t\t\t\t\t\t\t\t\t\t\t\t\t\t\t\t\t\t\t\t\t\t\t\t\t\t<\/div><!-- .entry-header -->\n\t\t\t<\/article><!-- #post-## -->\n<\/div><!-- .ld_course_grid -->\n<!-- LearnDash Course Grid v1 --><div class=\"ld_course_grid col-sm-8 col-md-4 \">\n\t<article id=\"post-33675\" class=\" thumbnail course post-33675 sfwd-courses type-sfwd-courses status-publish has-post-thumbnail hentry ld_course_category-free-fr\">\n\t\t\t\t\t\t\t\t<div class=\"ribbon free\">\n\t\t\t\tGratuit\t\t\t<\/div>\n\t\t\t\n\t\t\t\t\t\t<a\n\t\t\t\taria-hidden=\"true\"\n\t\t\t\thref=\"https:\/\/mahadsunnah.com\/fr\/courses\/explication-du-livre-les-lecons-importantes-a-lensemble-de-la-communaute\/\"\n\t\t\t\ttabindex=\"-1\"\n\t\t\t>\n\t\t\t\t<img decoding=\"async\" width=\"300\" height=\"300\" src=\"https:\/\/mahadsunnah.com\/wp-content\/uploads\/2020\/11\/les-lecons-importantes-pour-lensemble-de-la-communite.png\" class=\"attachment-medium size-medium wp-post-image\" alt=\"L&rsquo;explication du livre les le\u00e7ons importantes \u00e0 l\u2019ensemble de la communaut\u00e9\" \/>\t\t\t<\/a>\n\t\t\t\t\t\n\t\t\t\t\t<div class=\"caption\">\n\t\t\t\t<h3 class=\"entry-title\">L&rsquo;explication du livre les le\u00e7ons importantes \u00e0 l\u2019ensemble de la communaut\u00e9<\/h3>\n\t\t\t\t\t\t\t\t<div class=\"ld_course_grid_button\">\n\t\t\t\t\t<a\n\t\t\t\t\t\taria-label=\"Continue Study: L&rsquo;explication du livre les le\u00e7ons importantes \u00e0 l\u2019ensemble de la communaut\u00e9\"\n\t\t\t\t\t\tclass=\"btn btn-primary\"\n\t\t\t\t\t\thref=\"https:\/\/mahadsunnah.com\/fr\/courses\/explication-du-livre-les-lecons-importantes-a-lensemble-de-la-communaute\/\"\n\t\t\t\t\t>\n\t\t\t\t\t\tContinue Study\t\t\t\t\t<\/a>\n\t\t\t\t<\/div>\n\t\t\t\t\t\t\t\t\t\t\t\t\t\t\t\t\t\t\t\t\t\t\t\t\t\t\t<\/div><!-- .entry-header -->\n\t\t\t<\/article><!-- #post-## -->\n<\/div><!-- .ld_course_grid -->\n<!-- LearnDash Course Grid v1 --><div class=\"ld_course_grid col-sm-8 col-md-4 \">\n\t<article id=\"post-44591\" class=\" thumbnail course post-44591 sfwd-courses type-sfwd-courses status-publish has-post-thumbnail hentry ld_course_category-free-fr\">\n\t\t\t\t\t\t\t\t<div class=\"ribbon free\">\n\t\t\t\tGratuit\t\t\t<\/div>\n\t\t\t\n\t\t\t\t\t\t<a\n\t\t\t\taria-hidden=\"true\"\n\t\t\t\thref=\"https:\/\/mahadsunnah.com\/fr\/courses\/les-prescriptions-du-jeune\/\"\n\t\t\t\ttabindex=\"-1\"\n\t\t\t>\n\t\t\t\t<img loading=\"lazy\" decoding=\"async\" width=\"300\" height=\"300\" src=\"https:\/\/mahadsunnah.com\/wp-content\/uploads\/2022\/03\/caymfrench-300x300.jpg\" class=\"attachment-medium size-medium wp-post-image\" alt=\"Les prescriptions du Je\u00fbne\" srcset=\"https:\/\/mahadsunnah.com\/wp-content\/uploads\/2022\/03\/caymfrench-300x300.jpg 300w, https:\/\/mahadsunnah.com\/wp-content\/uploads\/2022\/03\/caymfrench-150x150.jpg 150w, https:\/\/mahadsunnah.com\/wp-content\/uploads\/2022\/03\/caymfrench-768x768.jpg 768w, https:\/\/mahadsunnah.com\/wp-content\/uploads\/2022\/03\/caymfrench.jpg 1000w\" sizes=\"(max-width: 300px) 100vw, 300px\" \/>\t\t\t<\/a>\n\t\t\t\t\t\n\t\t\t\t\t<div class=\"caption\">\n\t\t\t\t<h3 class=\"entry-title\">Les prescriptions du Je\u00fbne<\/h3>\n\t\t\t\t\t\t\t\t<div class=\"ld_course_grid_button\">\n\t\t\t\t\t<a\n\t\t\t\t\t\taria-label=\"Continue Study: Les prescriptions du Je\u00fbne\"\n\t\t\t\t\t\tclass=\"btn btn-primary\"\n\t\t\t\t\t\thref=\"https:\/\/mahadsunnah.com\/fr\/courses\/les-prescriptions-du-jeune\/\"\n\t\t\t\t\t>\n\t\t\t\t\t\tContinue Study\t\t\t\t\t<\/a>\n\t\t\t\t<\/div>\n\t\t\t\t\t\t\t\t\t\t\t\t\t\t\t\t\t\t\t\t\t\t\t\t\t\t\t<\/div><!-- .entry-header -->\n\t\t\t<\/article><!-- #post-## -->\n<\/div><!-- .ld_course_grid -->\n<!-- LearnDash Course Grid v1 --><div class=\"ld_course_grid col-sm-8 col-md-4 \">\n\t<article id=\"post-47315\" class=\" thumbnail course post-47315 sfwd-courses type-sfwd-courses status-publish has-post-thumbnail hentry ld_course_category-free-fr\">\n\t\t\t\t\t\t\t\t<div class=\"ribbon free\">\n\t\t\t\tGratuit\t\t\t<\/div>\n\t\t\t\n\t\t\t\t\t\t<a\n\t\t\t\taria-hidden=\"true\"\n\t\t\t\thref=\"https:\/\/mahadsunnah.com\/fr\/courses\/exegese-du-sourate-alfatiha-et-les-courtes-sourates\/\"\n\t\t\t\ttabindex=\"-1\"\n\t\t\t>\n\t\t\t\t<img loading=\"lazy\" decoding=\"async\" width=\"300\" height=\"300\" src=\"https:\/\/mahadsunnah.com\/wp-content\/uploads\/2022\/03\/fatihafrench-300x300.jpg\" class=\"attachment-medium size-medium wp-post-image\" alt=\"Ex\u00e9g\u00e8se du Sourate Alfatiha et les courtes Sourates\" srcset=\"https:\/\/mahadsunnah.com\/wp-content\/uploads\/2022\/03\/fatihafrench-300x300.jpg 300w, https:\/\/mahadsunnah.com\/wp-content\/uploads\/2022\/03\/fatihafrench-150x150.jpg 150w, https:\/\/mahadsunnah.com\/wp-content\/uploads\/2022\/03\/fatihafrench-768x768.jpg 768w, https:\/\/mahadsunnah.com\/wp-content\/uploads\/2022\/03\/fatihafrench.jpg 1000w\" sizes=\"(max-width: 300px) 100vw, 300px\" \/>\t\t\t<\/a>\n\t\t\t\t\t\n\t\t\t\t\t<div class=\"caption\">\n\t\t\t\t<h3 class=\"entry-title\">Ex\u00e9g\u00e8se du Sourate Alfatiha et les courtes Sourates<\/h3>\n\t\t\t\t\t\t\t\t<div class=\"ld_course_grid_button\">\n\t\t\t\t\t<a\n\t\t\t\t\t\taria-label=\"Continue Study: Ex\u00e9g\u00e8se du Sourate Alfatiha et les courtes Sourates\"\n\t\t\t\t\t\tclass=\"btn btn-primary\"\n\t\t\t\t\t\thref=\"https:\/\/mahadsunnah.com\/fr\/courses\/exegese-du-sourate-alfatiha-et-les-courtes-sourates\/\"\n\t\t\t\t\t>\n\t\t\t\t\t\tContinue Study\t\t\t\t\t<\/a>\n\t\t\t\t<\/div>\n\t\t\t\t\t\t\t\t\t\t\t\t\t\t\t\t\t\t\t\t\t\t\t\t\t\t\t<\/div><!-- .entry-header -->\n\t\t\t<\/article><!-- #post-## -->\n<\/div><!-- .ld_course_grid -->\n<!-- LearnDash Course Grid v1 --><div class=\"ld_course_grid col-sm-8 col-md-4 \">\n\t<article id=\"post-84143\" class=\" thumbnail course post-84143 sfwd-courses type-sfwd-courses status-publish has-post-thumbnail hentry tag-apprendre-aux-petits-enfants-les-bases-de-lislam tag-apprendre-lislam-aux-petit ld_course_category-free-fr\">\n\t\t\t\t\t\t\t\t<div class=\"ribbon\">\n\t\t\t\tGratuit\t\t\t<\/div>\n\t\t\t\n\t\t\t\t\t\t<a\n\t\t\t\taria-hidden=\"true\"\n\t\t\t\thref=\"https:\/\/mahadsunnah.com\/fr\/courses\/le-petit-musulman\/\"\n\t\t\t\ttabindex=\"-1\"\n\t\t\t>\n\t\t\t\t<img loading=\"lazy\" decoding=\"async\" width=\"300\" height=\"300\" src=\"https:\/\/mahadsunnah.com\/wp-content\/uploads\/2022\/12\/le-petit-musulman.png\" class=\"attachment-medium size-medium wp-post-image\" alt=\"Le petit musulman\" \/>\t\t\t<\/a>\n\t\t\t\t\t\n\t\t\t\t\t<div class=\"caption\">\n\t\t\t\t<h3 class=\"entry-title\">Le petit musulman<\/h3>\n\t\t\t\t\t\t\t\t<div class=\"ld_course_grid_button\">\n\t\t\t\t\t<a\n\t\t\t\t\t\taria-label=\"Enroll Now: Le petit musulman\"\n\t\t\t\t\t\tclass=\"btn btn-primary\"\n\t\t\t\t\t\thref=\"https:\/\/mahadsunnah.com\/fr\/courses\/le-petit-musulman\/\"\n\t\t\t\t\t>\n\t\t\t\t\t\tEnroll Now\t\t\t\t\t<\/a>\n\t\t\t\t<\/div>\n\t\t\t\t\t\t\t\t\t\t\t\t\t\t\t\t\t\t\t\t\t\t\t\t\t\t\t<\/div><!-- .entry-header -->\n\t\t\t<\/article><!-- #post-## -->\n<\/div><!-- .ld_course_grid -->\n<!-- LearnDash Course Grid v1 --><div class=\"ld_course_grid col-sm-8 col-md-4 \">\n\t<article id=\"post-86920\" class=\" thumbnail course post-86920 sfwd-courses type-sfwd-courses status-publish has-post-thumbnail hentry\">\n\t\t\t\t\t\t\t\t<div class=\"ribbon\">\n\t\t\t\tGratuit\t\t\t<\/div>\n\t\t\t\n\t\t\t\t\t\t<a\n\t\t\t\taria-hidden=\"true\"\n\t\t\t\thref=\"https:\/\/mahadsunnah.com\/fr\/courses\/apprenons-ensemble\/\"\n\t\t\t\ttabindex=\"-1\"\n\t\t\t>\n\t\t\t\t<img loading=\"lazy\" decoding=\"async\" width=\"208\" height=\"300\" src=\"https:\/\/mahadsunnah.com\/wp-content\/uploads\/2022\/11\/apprenons-ensemble.jpg\" class=\"attachment-medium size-medium wp-post-image\" alt=\"Apprenons ensemble \u0647\u064a\u0627 \u0628\u0646\u0627 \u0646\u062a\u0639\u0644\u0645\" \/>\t\t\t<\/a>\n\t\t\t\t\t\n\t\t\t\t\t<div class=\"caption\">\n\t\t\t\t<h3 class=\"entry-title\">Apprenons ensemble \u0647\u064a\u0627 \u0628\u0646\u0627 \u0646\u062a\u0639\u0644\u0645<\/h3>\n\t\t\t\t\t\t\t\t<div class=\"ld_course_grid_button\">\n\t\t\t\t\t<a\n\t\t\t\t\t\taria-label=\"Enroll Now: Apprenons ensemble \u0647\u064a\u0627 \u0628\u0646\u0627 \u0646\u062a\u0639\u0644\u0645\"\n\t\t\t\t\t\tclass=\"btn btn-primary\"\n\t\t\t\t\t\thref=\"https:\/\/mahadsunnah.com\/fr\/courses\/apprenons-ensemble\/\"\n\t\t\t\t\t>\n\t\t\t\t\t\tEnroll Now\t\t\t\t\t<\/a>\n\t\t\t\t<\/div>\n\t\t\t\t\t\t\t\t\t\t\t\t\t\t\t\t\t\t\t\t\t\t\t\t\t\t\t<\/div><!-- .entry-header -->\n\t\t\t<\/article><!-- #post-## -->\n<\/div><!-- .ld_course_grid -->\n<!-- LearnDash Course Grid v1 --><div class=\"ld_course_grid col-sm-8 col-md-4 \">\n\t<article id=\"post-96836\" class=\" thumbnail course post-96836 sfwd-courses type-sfwd-courses status-publish has-post-thumbnail hentry ld_course_category-free-fr\">\n\t\t\t\t\t\t\t\t<div class=\"ribbon\">\n\t\t\t\tGratuit\t\t\t<\/div>\n\t\t\t\n\t\t\t\t\t\t<a\n\t\t\t\taria-hidden=\"true\"\n\t\t\t\thref=\"https:\/\/mahadsunnah.com\/fr\/courses\/le-pelerinage\/\"\n\t\t\t\ttabindex=\"-1\"\n\t\t\t>\n\t\t\t\t<img loading=\"lazy\" decoding=\"async\" width=\"212\" height=\"300\" src=\"https:\/\/mahadsunnah.com\/wp-content\/uploads\/2023\/04\/pelerinage.png\" class=\"attachment-medium size-medium wp-post-image\" alt=\"Le p\u00e8lerinage\" \/>\t\t\t<\/a>\n\t\t\t\t\t\n\t\t\t\t\t<div class=\"caption\">\n\t\t\t\t<h3 class=\"entry-title\">Le p\u00e8lerinage<\/h3>\n\t\t\t\t\t\t\t\t<div class=\"ld_course_grid_button\">\n\t\t\t\t\t<a\n\t\t\t\t\t\taria-label=\"Enroll Now: Le p\u00e8lerinage\"\n\t\t\t\t\t\tclass=\"btn btn-primary\"\n\t\t\t\t\t\thref=\"https:\/\/mahadsunnah.com\/fr\/courses\/le-pelerinage\/\"\n\t\t\t\t\t>\n\t\t\t\t\t\tEnroll Now\t\t\t\t\t<\/a>\n\t\t\t\t<\/div>\n\t\t\t\t\t\t\t\t\t\t\t\t\t\t\t\t\t\t\t\t\t\t\t\t\t\t\t<\/div><!-- .entry-header -->\n\t\t\t<\/article><!-- #post-## -->\n<\/div><!-- .ld_course_grid -->\n<!-- LearnDash Course Grid v1 --><div class=\"ld_course_grid col-sm-8 col-md-4 \">\n\t<article id=\"post-97236\" class=\" thumbnail course post-97236 sfwd-courses type-sfwd-courses status-publish has-post-thumbnail hentry\">\n\t\t\t\t\t\t\t\t<div class=\"ribbon free\">\n\t\t\t\tGratuit\t\t\t<\/div>\n\t\t\t\n\t\t\t\t\t\t<a\n\t\t\t\taria-hidden=\"true\"\n\t\t\t\thref=\"https:\/\/mahadsunnah.com\/fr\/courses\/cours-de-francais-examen-de-master\/\"\n\t\t\t\ttabindex=\"-1\"\n\t\t\t>\n\t\t\t\t<img loading=\"lazy\" decoding=\"async\" width=\"225\" height=\"300\" src=\"https:\/\/mahadsunnah.com\/wp-content\/uploads\/2023\/07\/rizki-yulian-6u6nAXVjdvc-unsplash.jpg\" class=\"attachment-medium size-medium wp-post-image\" alt=\"Cours de fran\u00e7ais &#8211; Examen de Master\" \/>\t\t\t<\/a>\n\t\t\t\t\t\n\t\t\t\t\t<div class=\"caption\">\n\t\t\t\t<h3 class=\"entry-title\">Cours de fran\u00e7ais &#8211; Examen de Master<\/h3>\n\t\t\t\t\t\t\t\t<div class=\"ld_course_grid_button\">\n\t\t\t\t\t<a\n\t\t\t\t\t\taria-label=\"Continue Study: Cours de fran\u00e7ais &#8211; Examen de Master\"\n\t\t\t\t\t\tclass=\"btn btn-primary\"\n\t\t\t\t\t\thref=\"https:\/\/mahadsunnah.com\/fr\/courses\/cours-de-francais-examen-de-master\/\"\n\t\t\t\t\t>\n\t\t\t\t\t\tContinue Study\t\t\t\t\t<\/a>\n\t\t\t\t<\/div>\n\t\t\t\t\t\t\t\t\t\t\t\t\t\t\t\t\t\t\t\t\t\t\t\t\t\t\t<\/div><!-- .entry-header -->\n\t\t\t<\/article><!-- #post-## -->\n<\/div><!-- .ld_course_grid -->\n\t<\/div>\n\t\t\t<\/div>\n\t\t<\/div>\n\t\t\t\t\t\t<\/div>\n\t\t\t\t<\/div>\n\t\t\t\t\t<\/div>\n\t\t<\/div>\n\t\t\t\t\t<\/div>\n\t\t<\/section>\n\t\t\t\t<\/div>\n\t\t","protected":false},"excerpt":{"rendered":"<p>Tous les cours Cours sur divers sujets islamiques tels que Wudu (Ablution), Salah (la pri\u00e8re), Zakat, Aqeedah (la croyance) et plus &#8230;<\/p>\n","protected":false},"author":1,"featured_media":153742,"parent":0,"menu_order":0,"comment_status":"closed","ping_status":"closed","template":"","meta":{"give_campaign_id":0,"_analytify_skip_tracking":false,"site-sidebar-layout":"no-sidebar","site-content-layout":"page-builder","ast-site-content-layout":"default","site-content-style":"default","site-sidebar-style":"default","ast-global-header-display":"","ast-banner-title-visibility":"","ast-main-header-display":"","ast-hfb-above-header-display":"","ast-hfb-below-header-display":"","ast-hfb-mobile-header-display":"","site-post-title":"disabled","ast-breadcrumbs-content":"","ast-featured-img":"disabled","footer-sml-layout":"","theme-transparent-header-meta":"enabled","adv-header-id-meta":"","stick-header-meta":"","header-above-stick-meta":"","header-main-stick-meta":"","header-below-stick-meta":"","astra-migrate-meta-layouts":"default","ast-page-background-enabled":"default","ast-page-background-meta":{"desktop":{"background-color":"","background-image":"","background-repeat":"repeat","background-position":"center center","background-size":"auto","background-attachment":"scroll","background-type":"","background-media":"","overlay-type":"","overlay-color":"","overlay-opacity":"","overlay-gradient":""},"tablet":{"background-color":"","background-image":"","background-repeat":"repeat","background-position":"center center","background-size":"auto","background-attachment":"scroll","background-type":"","background-media":"","overlay-type":"","overlay-color":"","overlay-opacity":"","overlay-gradient":""},"mobile":{"background-color":"","background-image":"","background-repeat":"repeat","background-position":"center center","background-size":"auto","background-attachment":"scroll","background-type":"","background-media":"","overlay-type":"","overlay-color":"","overlay-opacity":"","overlay-gradient":""}},"ast-content-background-meta":{"desktop":{"background-color":"var(--ast-global-color-5)","background-image":"","background-repeat":"repeat","background-position":"center center","background-size":"auto","background-attachment":"scroll","background-type":"","background-media":"","overlay-type":"","overlay-color":"","overlay-opacity":"","overlay-gradient":""},"tablet":{"background-color":"var(--ast-global-color-5)","background-image":"","background-repeat":"repeat","background-position":"center center","background-size":"auto","background-attachment":"scroll","background-type":"","background-media":"","overlay-type":"","overlay-color":"","overlay-opacity":"","overlay-gradient":""},"mobile":{"background-color":"var(--ast-global-color-5)","background-image":"","background-repeat":"repeat","background-position":"center center","background-size":"auto","background-attachment":"scroll","background-type":"","background-media":"","overlay-type":"","overlay-color":"","overlay-opacity":"","overlay-gradient":""}},"footnotes":""},"class_list":["post-61381","page","type-page","status-publish","has-post-thumbnail","hentry"],"campaignId":"","_links":{"self":[{"href":"https:\/\/mahadsunnah.com\/fr\/wp-json\/wp\/v2\/pages\/61381","targetHints":{"allow":["GET"]}}],"collection":[{"href":"https:\/\/mahadsunnah.com\/fr\/wp-json\/wp\/v2\/pages"}],"about":[{"href":"https:\/\/mahadsunnah.com\/fr\/wp-json\/wp\/v2\/types\/page"}],"author":[{"embeddable":true,"href":"https:\/\/mahadsunnah.com\/fr\/wp-json\/wp\/v2\/users\/1"}],"replies":[{"embeddable":true,"href":"https:\/\/mahadsunnah.com\/fr\/wp-json\/wp\/v2\/comments?post=61381"}],"version-history":[{"count":0,"href":"https:\/\/mahadsunnah.com\/fr\/wp-json\/wp\/v2\/pages\/61381\/revisions"}],"wp:featuredmedia":[{"embeddable":true,"href":"https:\/\/mahadsunnah.com\/fr\/wp-json\/wp\/v2\/media\/153742"}],"wp:attachment":[{"href":"https:\/\/mahadsunnah.com\/fr\/wp-json\/wp\/v2\/media?parent=61381"}],"curies":[{"name":"wp","href":"https:\/\/api.w.org\/{rel}","templated":true}]}}